{"id":71,"date":"2012-05-16T13:15:12","date_gmt":"2012-05-16T13:15:12","guid":{"rendered":"http:\/\/victor-loret.mom.fr\/dev\/?page_id=71"},"modified":"2018-06-25T14:19:21","modified_gmt":"2018-06-25T13:19:22","slug":"linventaire-loret-numerise","status":"publish","type":"page","link":"https:\/\/www.victor-loret.mom.fr\/?page_id=71","title":{"rendered":"L&rsquo;inventaire num\u00e9ris\u00e9"},"content":{"rendered":"<p>L&rsquo;inventaire de la biblioth\u00e8que priv\u00e9e de Victor Loret se pr\u00e9sente sous la forme de six cahiers. Les 4 230 notices dont il est l&rsquo;auteur se suivent selon l&rsquo;ann\u00e9e d&rsquo;acquisition, de 1872 \u00e0 1945. Elles sont constitu\u00e9es du num\u00e9ro d&rsquo;inventaire, du nom de l&rsquo;auteur et du titre de l&rsquo;ouvrage.<br \/>\nCes informations sont g\u00e9n\u00e9ralement compl\u00e9t\u00e9es par la date d&rsquo;\u00e9dition, le nombre \u00e9ventuel de volumes voire par le format du livre. Il arrive que les notices des volumes d&rsquo;une m\u00eame s\u00e9rie soient signal\u00e9es par un m\u00eame num\u00e9ro, suivi d&rsquo;une lettre alphab\u00e9tique pour les diff\u00e9rencier.<\/p>\n<p>Avertissement : le chiffre 5 n&rsquo;est pas toujours reconnaissable et peut ressembler \u00e0 un \u00ab\u00a0S\u00a0\u00bb tr\u00e8s allong\u00e9.<a href=\"\/wp-content\/uploads\/2012\/06\/Inventaire_Victor_Loret.pdf\"><img loading=\"lazy\" decoding=\"async\" class=\"size-large wp-image-321 aligncenter\" title=\"inventaire Victor Loret\" src=\"\/wp-content\/uploads\/2012\/05\/IMG_0413bis-823x1024.jpg\" alt=\"\" width=\"576\" height=\"717\" srcset=\"\/wp-content\/uploads\/2012\/05\/IMG_0413bis-823x1024.jpg 823w, \/wp-content\/uploads\/2012\/05\/IMG_0413bis-241x300.jpg 241w, \/wp-content\/uploads\/2012\/05\/IMG_0413bis-72x90.jpg 72w\" sizes=\"auto, (max-width: 576px) 100vw, 576px\" \/><\/a><\/p>\n","protected":false},"excerpt":{"rendered":"<p>L&rsquo;inventaire de la biblioth\u00e8que priv\u00e9e de Victor Loret se pr\u00e9sente sous la forme de six cahiers. Les 4 230 notices dont il est l&rsquo;auteur se suivent selon l&rsquo;ann\u00e9e d&rsquo;acquisition, de 1872 \u00e0 1945. Elles sont constitu\u00e9es du num\u00e9ro d&rsquo;inventaire, du &hellip; <a href=\"https:\/\/www.victor-loret.mom.fr\/?page_id=71\">Continuer la lecture <span class=\"meta-nav\">&rarr;<\/span><\/a><\/p>\n","protected":false},"author":1,"featured_media":0,"parent":10,"menu_order":0,"comment_status":"closed","ping_status":"closed","template":"","meta":{"footnotes":""},"class_list":["post-71","page","type-page","status-publish","hentry"],"_links":{"self":[{"href":"https:\/\/www.victor-loret.mom.fr\/index.php?rest_route=\/wp\/v2\/pages\/71","targetHints":{"allow":["GET"]}}],"collection":[{"href":"https:\/\/www.victor-loret.mom.fr\/index.php?rest_route=\/wp\/v2\/pages"}],"about":[{"href":"https:\/\/www.victor-loret.mom.fr\/index.php?rest_route=\/wp\/v2\/types\/page"}],"author":[{"embeddable":true,"href":"https:\/\/www.victor-loret.mom.fr\/index.php?rest_route=\/wp\/v2\/users\/1"}],"replies":[{"embeddable":true,"href":"https:\/\/www.victor-loret.mom.fr\/index.php?rest_route=%2Fwp%2Fv2%2Fcomments&post=71"}],"version-history":[{"count":23,"href":"https:\/\/www.victor-loret.mom.fr\/index.php?rest_route=\/wp\/v2\/pages\/71\/revisions"}],"predecessor-version":[{"id":1102,"href":"https:\/\/www.victor-loret.mom.fr\/index.php?rest_route=\/wp\/v2\/pages\/71\/revisions\/1102"}],"up":[{"embeddable":true,"href":"https:\/\/www.victor-loret.mom.fr\/index.php?rest_route=\/wp\/v2\/pages\/10"}],"wp:attachment":[{"href":"https:\/\/www.victor-loret.mom.fr\/index.php?rest_route=%2Fwp%2Fv2%2Fmedia&parent=71"}],"curies":[{"name":"wp","href":"https:\/\/api.w.org\/{rel}","templated":true}]}}